{"id":896,"date":"2021-04-13T16:28:32","date_gmt":"2021-04-13T21:28:32","guid":{"rendered":"http:\/\/alimine.com.mx\/articulos\/?page_id=896"},"modified":"2021-04-13T18:26:29","modified_gmt":"2021-04-13T23:26:29","slug":"bienvenida","status":"publish","type":"page","link":"https:\/\/alimine.com.mx\/articulos\/","title":{"rendered":"Tu paso por este blog es Bienvenido!!!"},"content":{"rendered":"\n<p>Gracias por venir a leer acerca de Crecimiento Personal y sobre todo de herramientas para mejorar la Calidad de Vida. <\/p>\n\n\n\n<p>Por aqu\u00ed encontrar\u00e1s algunas categor\u00edas de los Art\u00edculos publicados. <\/p>\n\n\n<ul class=\"wp-block-categories-list wp-block-categories\">\t<li class=\"cat-item cat-item-9\"><a href=\"https:\/\/alimine.com.mx\/articulos\/category\/cuentos\/\">Cuentos<\/a>\n<\/li>\n\t<li class=\"cat-item cat-item-11\"><a href=\"https:\/\/alimine.com.mx\/articulos\/category\/granitos-de-arena-del-mundo\/\">gRANITOS DE aRENA DEL MUNDO<\/a>\n<\/li>\n\t<li class=\"cat-item cat-item-14\"><a href=\"https:\/\/alimine.com.mx\/articulos\/category\/mi-relacion-amorosa-con-el-dinero\/\">Mi Relaci\u00f3n Amorosa con el Dinero<\/a>\n<\/li>\n\t<li class=\"cat-item cat-item-13\"><a href=\"https:\/\/alimine.com.mx\/articulos\/category\/protocolos-de-21-dias\/\">Protocolos de 21 d\u00edas<\/a>\n<\/li>\n\t<li class=\"cat-item cat-item-16\"><a href=\"https:\/\/alimine.com.mx\/articulos\/category\/proyecto-de-gratitud\/\">Proyecto de Gratitud<\/a>\n<\/li>\n\t<li class=\"cat-item cat-item-6\"><a href=\"https:\/\/alimine.com.mx\/articulos\/category\/psicoterapia\/\">Psicoterapia<\/a>\n<\/li>\n\t<li class=\"cat-item cat-item-1\"><a href=\"https:\/\/alimine.com.mx\/articulos\/category\/reto-de-prosperidad\/uncategorized\/\">Reto de Prosperidad<\/a>\n<\/li>\n\t<li class=\"cat-item cat-item-4\"><a href=\"https:\/\/alimine.com.mx\/articulos\/category\/reto-de-prosperidad\/\">Reto de Prosperidad<\/a>\n<\/li>\n<\/ul>\n\n\n<p><a href=\"https:\/\/ideahumana.wordpress.com\/\" data-type=\"URL\" data-id=\"https:\/\/ideahumana.wordpress.com\/\">IDEAHUMANA<\/a><\/p>\n\n\n\n<p><\/p>\n","protected":false},"excerpt":{"rendered":"<p>Gracias por venir a leer acerca de Crecimiento Personal y sobre todo de herramientas para mejorar la Calidad de Vida.<\/p>\n","protected":false},"author":1,"featured_media":0,"parent":0,"menu_order":0,"comment_status":"closed","ping_status":"closed","template":"","meta":{"footnotes":""},"class_list":["post-896","page","type-page","status-publish","hentry"],"_links":{"self":[{"href":"https:\/\/alimine.com.mx\/articulos\/wp-json\/wp\/v2\/pages\/896","targetHints":{"allow":["GET"]}}],"collection":[{"href":"https:\/\/alimine.com.mx\/articulos\/wp-json\/wp\/v2\/pages"}],"about":[{"href":"https:\/\/alimine.com.mx\/articulos\/wp-json\/wp\/v2\/types\/page"}],"author":[{"embeddable":true,"href":"https:\/\/alimine.com.mx\/articulos\/wp-json\/wp\/v2\/users\/1"}],"replies":[{"embeddable":true,"href":"https:\/\/alimine.com.mx\/articulos\/wp-json\/wp\/v2\/comments?post=896"}],"version-history":[{"count":6,"href":"https:\/\/alimine.com.mx\/articulos\/wp-json\/wp\/v2\/pages\/896\/revisions"}],"predecessor-version":[{"id":906,"href":"https:\/\/alimine.com.mx\/articulos\/wp-json\/wp\/v2\/pages\/896\/revisions\/906"}],"wp:attachment":[{"href":"https:\/\/alimine.com.mx\/articulos\/wp-json\/wp\/v2\/media?parent=896"}],"curies":[{"name":"wp","href":"https:\/\/api.w.org\/{rel}","templated":true}]}}